{"id":4430,"date":"2026-02-24T15:06:46","date_gmt":"2026-02-24T15:06:46","guid":{"rendered":"https:\/\/wematterglobal.com\/?page_id=4430"},"modified":"2026-02-24T15:15:49","modified_gmt":"2026-02-24T15:15:49","slug":"terminos-y-condiciones-de-wematter","status":"publish","type":"page","link":"https:\/\/wematterglobal.com\/es\/terms-and-conditions-for-wematter\/","title":{"rendered":"Condiciones de WeMatter"},"content":{"rendered":"<div data-elementor-type=\"wp-page\" data-elementor-id=\"4430\" class=\"elementor elementor-4430\" data-elementor-post-type=\"page\">\n\t\t\t\t<div class=\"elementor-element elementor-element-e87e5a0 e-flex e-con-boxed e-con e-parent\" data-id=\"e87e5a0\" data-element_type=\"container\" data-e-type=\"container\">\n\t\t\t\t\t<div class=\"e-con-inner\">\n\t\t\t\t<div class=\"elementor-element elementor-element-82ce9bd elementor-widget elementor-widget-heading\" data-id=\"82ce9bd\" data-element_type=\"widget\" data-e-type=\"widget\" data-widget_type=\"heading.default\">\n\t\t\t\t\t<h1 class=\"elementor-heading-title elementor-size-default\">Condiciones generales<\/h1>\t\t\t\t<\/div>\n\t\t\t\t<div class=\"elementor-element elementor-element-bc777e7 elementor-widget elementor-widget-text-editor\" data-id=\"bc777e7\" data-element_type=\"widget\" data-e-type=\"widget\" data-widget_type=\"text-editor.default\">\n\t\t\t\t\t\t\t\t\t<p>Estos T\u00e9rminos y Condiciones Est\u00e1ndar del Sitio Web escritos en esta p\u00e1gina web administrar\u00e1n su uso de nuestro sitio web, WeMatter accesible en <a href=\"https:\/\/wematterglobal.com\/es\/\">https:\/\/wematterglobal.com<\/a><\/p>\n<p>Estas Condiciones se aplicar\u00e1n plenamente y afectar\u00e1n a su uso de este sitio web. Al utilizar este sitio web, usted acepta todos los t\u00e9rminos y condiciones aqu\u00ed expuestos. No debe utilizar este sitio web si no est\u00e1 de acuerdo con alguna de estas condiciones generales.<\/p>\n<p>Los menores de 18 a\u00f1os no est\u00e1n autorizados a utilizar este sitio web.<\/p>\n<h3>Derechos de propiedad intelectual<\/h3>\n<p>Aparte del contenido de su propiedad, bajo estos T\u00e9rminos, WeMatter y\/o sus licenciadores son due\u00f1os de todos los derechos de propiedad intelectual y materiales contenidos en este Sitio Web.<\/p>\n<p>Se le concede una licencia limitada \u00fanicamente para ver el material contenido en este sitio web.<\/p>\n<h3>Restricciones<\/h3>\n<p>Se le restringe espec\u00edficamente todo lo siguiente:<\/p>\n<ul>\n<li>publicar cualquier material del sitio web en cualquier otro medio;<\/li>\n<li>vender, sublicenciar y\/o comercializar de cualquier otro modo cualquier material del Sitio Web;<\/li>\n<li>ejecutar y\/o mostrar p\u00fablicamente cualquier material del sitio web;<\/li>\n<li>utilizar este Sitio Web de cualquier forma que sea o pueda ser perjudicial para el mismo;<\/li>\n<li>utilizar este sitio web de cualquier forma que afecte al acceso de los usuarios a este sitio web;<\/li>\n<li>utilizar este Sitio Web de forma contraria a las leyes y normativas aplicables, o que de alg\u00fan modo pueda causar da\u00f1os al Sitio Web, o a cualquier persona o entidad comercial;<\/li>\n<li>participar en cualquier actividad de extracci\u00f3n de datos, recolecci\u00f3n de datos, extracci\u00f3n de datos o cualquier otra actividad similar en relaci\u00f3n con este sitio web;<\/li>\n<li>utilizar este sitio web para realizar actividades publicitarias o de marketing.<\/li>\n<\/ul>\n<p>Ciertas \u00e1reas de este Sitio Web son de acceso restringido y WeMatter puede restringir el acceso a cualquier \u00e1rea de este Sitio Web, en cualquier momento, a su absoluta discreci\u00f3n. Cualquier ID de usuario y contrase\u00f1a que pueda tener para este Sitio Web son confidenciales y debe mantener la confidencialidad tambi\u00e9n.<\/p>\n<h3>Su contenido<\/h3>\n<p>En estos T\u00e9rminos y Condiciones Est\u00e1ndar del Sitio Web, \u201cSu Contenido\u201d significa cualquier audio, video, texto, im\u00e1genes u otro material que usted elija mostrar en este Sitio Web. Al mostrar Tu Contenido, otorgas a WeMatter una licencia no-exclusiva, mundial irrevocable y sub-licenciable para usar, reproducir, adaptar, publicar, traducir y distribuir en cualquier medio.<\/p>\n<p>Su Contenido debe ser propio y no debe estar invadiendo los derechos de terceros. WeMatter se reserva el derecho de remover cualquier Contenido de este Sitio Web en cualquier momento sin previo aviso.<\/p>\n<h3>Sin garant\u00edas<\/h3>\n<p>Este Sitio Web es provisto \u201ccomo es\u201d, con todas las fallas, y WeMatter no expresa representaciones o garant\u00edas, de ning\u00fan tipo relacionadas con este Sitio Web o los materiales contenidos en este Sitio Web. Adem\u00e1s, nada de lo contenido en este Sitio Web debe ser interpretado como asesoramiento.<\/p>\n<h3>Limitaci\u00f3n de responsabilidad<\/h3>\n<p>En ning\u00fan caso WeMatter, ni ninguno de sus oficiales, directores y empleados, ser\u00e1n responsables por cualquier cosa que surja de o de cualquier manera relacionada con su uso de este Sitio Web si tal responsabilidad es bajo contrato.  WeMatter, incluyendo sus oficiales, directores y empleados no ser\u00e1n responsables por cualquier responsabilidad indirecta, consecuente o especial que surja de o de cualquier manera relacionada con su uso de este Sitio Web.<\/p>\n<h3>Indemnizaci\u00f3n<\/h3>\n<p>Usted por la presente indemniza a WeMatter de y contra cualquier y\/o todas las responsabilidades, costos, demandas, causas de acci\u00f3n, da\u00f1os y gastos que surjan de cualquier manera relacionados con su violaci\u00f3n de cualquiera de las provisiones de estos T\u00e9rminos.<\/p>\n<h3>Divisibilidad<\/h3>\n<p>Si alguna de las disposiciones de las presentes Condiciones resultara inv\u00e1lida en virtud de la legislaci\u00f3n aplicable, dicha disposici\u00f3n se suprimir\u00e1 sin que ello afecte a las restantes disposiciones.<\/p>\n<h3>Variaci\u00f3n de t\u00e9rminos<\/h3>\n<p>WeMatter esta permitido a revisar estos T\u00e9rminos en cualquier momento que lo considere necesario, y al usar este Sitio Web se espera que revise estos T\u00e9rminos regularmente.<\/p>\n<h3>Asignaci\u00f3n<\/h3>\n<p>WeMatter esta permitido a asignar, transferir, y subcontratar sus derechos y\/u obligaciones bajo estos Terminos sin ninguna notificacion. Sin embargo, a usted no se le permite asignar, transferir o subcontratar ninguno de sus derechos y\/u obligaciones bajo estos T\u00e9rminos.<\/p>\n<h3>Acuerdo completo<\/h3>\n<p>Estos T\u00e9rminos constituyen el acuerdo completo entre WeMatter y usted en relaci\u00f3n a su uso de este Sitio Web, y reemplaza todos los acuerdos y entendimientos previos.<\/p>\n<h3>Ley aplicable y jurisdicci\u00f3n<\/h3>\n<p>Estos T\u00e9rminos se regir\u00e1n e interpretar\u00e1n de acuerdo con las leyes del Estado de Espa\u00f1a, y usted se somete a la jurisdicci\u00f3n no exclusiva de los tribunales estatales y federales ubicados en es para la resoluci\u00f3n de cualquier disputa.<\/p>\t\t\t\t\t\t\t\t<\/div>\n\t\t\t\t\t<\/div>\n\t\t\t\t<\/div>\n\t\t\t\t<\/div>","protected":false},"excerpt":{"rendered":"<p>Terms and Conditions These Website Standard Terms and Conditions written on this webpage shall manage your use of our website, WeMatter accessible at https:\/\/wematterglobal.com These Terms will be applied fully&hellip;&nbsp;<a href=\"https:\/\/wematterglobal.com\/es\/terms-and-conditions-for-wematter\/\" rel=\"bookmark\">Leer M\u00e1s \u00bb<span class=\"screen-reader-text\">Condiciones de WeMatter<\/span><\/a><\/p>","protected":false},"author":1,"featured_media":0,"parent":0,"menu_order":0,"comment_status":"closed","ping_status":"closed","template":"page-templates\/template-pagebuilder-full-width.php","meta":{"inline_featured_image":false,"neve_meta_sidebar":"","neve_meta_container":"","neve_meta_enable_content_width":"","neve_meta_content_width":0,"neve_meta_title_alignment":"","neve_meta_author_avatar":"","neve_post_elements_order":"","neve_meta_disable_header":"","neve_meta_disable_footer":"","neve_meta_disable_title":"","neve_meta_reading_time":"","footnotes":""},"class_list":["post-4430","page","type-page","status-publish","hentry"],"yoast_head":"<!-- This site is optimized with the Yoast SEO plugin v27.4 - https:\/\/yoast.com\/product\/yoast-seo-wordpress\/ -->\n<title>Terms and Conditions for WeMatter - WEMatter Global<\/title>\n<meta name=\"robots\" content=\"index, follow, max-snippet:-1, max-image-preview:large, max-video-preview:-1\" \/>\n<link rel=\"canonical\" href=\"https:\/\/wematterglobal.com\/es\/terminos-y-condiciones-de-wematter\/\" \/>\n<meta property=\"og:locale\" content=\"es_ES\" \/>\n<meta property=\"og:type\" content=\"article\" \/>\n<meta property=\"og:title\" content=\"Terms and Conditions for WeMatter - WEMatter Global\" \/>\n<meta property=\"og:description\" content=\"Terms and Conditions These Website Standard Terms and Conditions written on this webpage shall manage your use of our website, WeMatter accessible at https:\/\/wematterglobal.com These Terms will be applied fully&hellip;&nbsp;Read More &raquo;Terms and Conditions for WeMatter\" \/>\n<meta property=\"og:url\" content=\"https:\/\/wematterglobal.com\/es\/terminos-y-condiciones-de-wematter\/\" \/>\n<meta property=\"og:site_name\" content=\"WEMatter Global\" \/>\n<meta property=\"article:modified_time\" content=\"2026-02-24T15:15:49+00:00\" \/>\n<meta name=\"twitter:card\" content=\"summary_large_image\" \/>\n<meta name=\"twitter:label1\" content=\"Tiempo de lectura\" \/>\n\t<meta name=\"twitter:data1\" content=\"4 minutos\" \/>\n<script type=\"application\/ld+json\" class=\"yoast-schema-graph\">{\"@context\":\"https:\\\/\\\/schema.org\",\"@graph\":[{\"@type\":\"WebPage\",\"@id\":\"https:\\\/\\\/wematterglobal.com\\\/terms-and-conditions-for-wematter\\\/\",\"url\":\"https:\\\/\\\/wematterglobal.com\\\/terms-and-conditions-for-wematter\\\/\",\"name\":\"Terms and Conditions for WeMatter - WEMatter Global\",\"isPartOf\":{\"@id\":\"https:\\\/\\\/wematterglobal.com\\\/#website\"},\"datePublished\":\"2026-02-24T15:06:46+00:00\",\"dateModified\":\"2026-02-24T15:15:49+00:00\",\"breadcrumb\":{\"@id\":\"https:\\\/\\\/wematterglobal.com\\\/terms-and-conditions-for-wematter\\\/#breadcrumb\"},\"inLanguage\":\"es\",\"potentialAction\":[{\"@type\":\"ReadAction\",\"target\":[\"https:\\\/\\\/wematterglobal.com\\\/terms-and-conditions-for-wematter\\\/\"]}]},{\"@type\":\"BreadcrumbList\",\"@id\":\"https:\\\/\\\/wematterglobal.com\\\/terms-and-conditions-for-wematter\\\/#breadcrumb\",\"itemListElement\":[{\"@type\":\"ListItem\",\"position\":1,\"name\":\"Portada\",\"item\":\"https:\\\/\\\/wematterglobal.com\\\/\"},{\"@type\":\"ListItem\",\"position\":2,\"name\":\"Terms and Conditions for WeMatter\"}]},{\"@type\":\"WebSite\",\"@id\":\"https:\\\/\\\/wematterglobal.com\\\/#website\",\"url\":\"https:\\\/\\\/wematterglobal.com\\\/\",\"name\":\"WEMatter Global\",\"description\":\"Educaci\u00f3n financiera para mujeres en Espa\u00f1a\",\"publisher\":{\"@id\":\"https:\\\/\\\/wematterglobal.com\\\/#organization\"},\"potentialAction\":[{\"@type\":\"SearchAction\",\"target\":{\"@type\":\"EntryPoint\",\"urlTemplate\":\"https:\\\/\\\/wematterglobal.com\\\/?s={search_term_string}\"},\"query-input\":{\"@type\":\"PropertyValueSpecification\",\"valueRequired\":true,\"valueName\":\"search_term_string\"}}],\"inLanguage\":\"es\"},{\"@type\":\"Organization\",\"@id\":\"https:\\\/\\\/wematterglobal.com\\\/#organization\",\"name\":\"WEMatter Global\",\"url\":\"https:\\\/\\\/wematterglobal.com\\\/\",\"logo\":{\"@type\":\"ImageObject\",\"inLanguage\":\"es\",\"@id\":\"https:\\\/\\\/wematterglobal.com\\\/#\\\/schema\\\/logo\\\/image\\\/\",\"url\":\"https:\\\/\\\/wematterglobal.com\\\/wp-content\\\/uploads\\\/2026\\\/01\\\/logo-wematter-global.jpg\",\"contentUrl\":\"https:\\\/\\\/wematterglobal.com\\\/wp-content\\\/uploads\\\/2026\\\/01\\\/logo-wematter-global.jpg\",\"width\":912,\"height\":120,\"caption\":\"WEMatter Global\"},\"image\":{\"@id\":\"https:\\\/\\\/wematterglobal.com\\\/#\\\/schema\\\/logo\\\/image\\\/\"}}]}<\/script>\n<!-- \/ Yoast SEO plugin. -->","yoast_head_json":{"title":"T\u00e9rminos y Condiciones de WeMatter - WEMatter Global","robots":{"index":"index","follow":"follow","max-snippet":"max-snippet:-1","max-image-preview":"max-image-preview:large","max-video-preview":"max-video-preview:-1"},"canonical":"https:\/\/wematterglobal.com\/es\/terminos-y-condiciones-de-wematter\/","og_locale":"es_ES","og_type":"article","og_title":"Terms and Conditions for WeMatter - WEMatter Global","og_description":"Terms and Conditions These Website Standard Terms and Conditions written on this webpage shall manage your use of our website, WeMatter accessible at https:\/\/wematterglobal.com These Terms will be applied fully&hellip;&nbsp;Read More &raquo;Terms and Conditions for WeMatter","og_url":"https:\/\/wematterglobal.com\/es\/terminos-y-condiciones-de-wematter\/","og_site_name":"WEMatter Global","article_modified_time":"2026-02-24T15:15:49+00:00","twitter_card":"summary_large_image","twitter_misc":{"Tiempo de lectura":"4 minutos"},"schema":{"@context":"https:\/\/schema.org","@graph":[{"@type":"WebPage","@id":"https:\/\/wematterglobal.com\/terms-and-conditions-for-wematter\/","url":"https:\/\/wematterglobal.com\/terms-and-conditions-for-wematter\/","name":"T\u00e9rminos y Condiciones de WeMatter - WEMatter Global","isPartOf":{"@id":"https:\/\/wematterglobal.com\/#website"},"datePublished":"2026-02-24T15:06:46+00:00","dateModified":"2026-02-24T15:15:49+00:00","breadcrumb":{"@id":"https:\/\/wematterglobal.com\/terms-and-conditions-for-wematter\/#breadcrumb"},"inLanguage":"es","potentialAction":[{"@type":"ReadAction","target":["https:\/\/wematterglobal.com\/terms-and-conditions-for-wematter\/"]}]},{"@type":"BreadcrumbList","@id":"https:\/\/wematterglobal.com\/terms-and-conditions-for-wematter\/#breadcrumb","itemListElement":[{"@type":"ListItem","position":1,"name":"Portada","item":"https:\/\/wematterglobal.com\/"},{"@type":"ListItem","position":2,"name":"Terms and Conditions for WeMatter"}]},{"@type":"WebSite","@id":"https:\/\/wematterglobal.com\/#website","url":"https:\/\/wematterglobal.com\/","name":"WEMatter Global","description":"Educaci\u00f3n financiera para mujeres en Espa\u00f1a","publisher":{"@id":"https:\/\/wematterglobal.com\/#organization"},"potentialAction":[{"@type":"SearchAction","target":{"@type":"EntryPoint","urlTemplate":"https:\/\/wematterglobal.com\/?s={search_term_string}"},"query-input":{"@type":"PropertyValueSpecification","valueRequired":true,"valueName":"search_term_string"}}],"inLanguage":"es"},{"@type":"Organization","@id":"https:\/\/wematterglobal.com\/#organization","name":"WEMatter Global","url":"https:\/\/wematterglobal.com\/","logo":{"@type":"ImageObject","inLanguage":"es","@id":"https:\/\/wematterglobal.com\/#\/schema\/logo\/image\/","url":"https:\/\/wematterglobal.com\/wp-content\/uploads\/2026\/01\/logo-wematter-global.jpg","contentUrl":"https:\/\/wematterglobal.com\/wp-content\/uploads\/2026\/01\/logo-wematter-global.jpg","width":912,"height":120,"caption":"WEMatter Global"},"image":{"@id":"https:\/\/wematterglobal.com\/#\/schema\/logo\/image\/"}}]}},"_links":{"self":[{"href":"https:\/\/wematterglobal.com\/es\/wp-json\/wp\/v2\/pages\/4430","targetHints":{"allow":["GET"]}}],"collection":[{"href":"https:\/\/wematterglobal.com\/es\/wp-json\/wp\/v2\/pages"}],"about":[{"href":"https:\/\/wematterglobal.com\/es\/wp-json\/wp\/v2\/types\/page"}],"author":[{"embeddable":true,"href":"https:\/\/wematterglobal.com\/es\/wp-json\/wp\/v2\/users\/1"}],"replies":[{"embeddable":true,"href":"https:\/\/wematterglobal.com\/es\/wp-json\/wp\/v2\/comments?post=4430"}],"version-history":[{"count":11,"href":"https:\/\/wematterglobal.com\/es\/wp-json\/wp\/v2\/pages\/4430\/revisions"}],"predecessor-version":[{"id":4443,"href":"https:\/\/wematterglobal.com\/es\/wp-json\/wp\/v2\/pages\/4430\/revisions\/4443"}],"wp:attachment":[{"href":"https:\/\/wematterglobal.com\/es\/wp-json\/wp\/v2\/media?parent=4430"}],"curies":[{"name":"wp","href":"https:\/\/api.w.org\/{rel}","templated":true}]}}