{"id":161,"date":"2020-08-24T09:05:58","date_gmt":"2020-08-24T09:05:58","guid":{"rendered":"https:\/\/demosites.io\/coding-school-gb-2\/?page_id=161"},"modified":"2026-03-11T18:49:02","modified_gmt":"2026-03-11T18:49:02","slug":"contacto","status":"publish","type":"page","link":"https:\/\/wematterglobal.com\/es\/contacto\/","title":{"rendered":"Contacto"},"content":{"rendered":"\t\t<div data-elementor-type=\"wp-page\" data-elementor-id=\"161\" class=\"elementor elementor-161\" data-elementor-post-type=\"page\">\n\t\t\t\t\t\t<section data-particle_enable=\"false\" data-particle-mobile-disabled=\"false\" class=\"elementor-section elementor-top-section elementor-element elementor-element-a64ba03 elementor-section-boxed elementor-section-height-default elementor-section-height-default\" data-id=\"a64ba03\" data-element_type=\"section\" data-e-type=\"section\" data-settings=\"{&quot;background_background&quot;:&quot;classic&quot;,&quot;animation&quot;:&quot;none&quot;}\">\n\t\t\t\t\t\t\t<div class=\"elementor-background-overlay\"><\/div>\n\t\t\t\t\t\t\t<div class=\"elementor-container elementor-column-gap-default\">\n\t\t\t\t\t<div class=\"elementor-column elementor-col-100 elementor-top-column elementor-element elementor-element-abd4a02\" data-id=\"abd4a02\" data-element_type=\"column\" data-e-type=\"column\">\n\t\t\t<div class=\"elementor-widget-wrap elementor-element-populated\">\n\t\t\t\t\t\t<section data-particle_enable=\"false\" data-particle-mobile-disabled=\"false\" class=\"elementor-section elementor-inner-section elementor-element elementor-element-eb547fe elementor-section-boxed elementor-section-height-default elementor-section-height-default\" data-id=\"eb547fe\" data-element_type=\"section\" data-e-type=\"section\">\n\t\t\t\t\t\t<div class=\"elementor-container elementor-column-gap-default\">\n\t\t\t\t\t<div class=\"elementor-column elementor-col-50 elementor-inner-column elementor-element elementor-element-26511be\" data-id=\"26511be\" data-element_type=\"column\" data-e-type=\"column\">\n\t\t\t<div class=\"elementor-widget-wrap elementor-element-populated\">\n\t\t\t\t\t\t<div class=\"elementor-element elementor-element-05354cb elementor-widget elementor-widget-heading\" data-id=\"05354cb\" data-element_type=\"widget\" data-e-type=\"widget\" data-widget_type=\"heading.default\">\n\t\t\t\t\t<h2 class=\"elementor-heading-title elementor-size-default\">Env\u00edanos un mensaje a trav\u00e9s de este formulario.<\/h2>\t\t\t\t<\/div>\n\t\t\t\t<div class=\"elementor-element elementor-element-910cd88 text-normal elementor-widget elementor-widget-heading\" data-id=\"910cd88\" data-element_type=\"widget\" data-e-type=\"widget\" data-widget_type=\"heading.default\">\n\t\t\t\t\t<span class=\"elementor-heading-title elementor-size-default\">Env\u00eda un correo electr\u00f3nico utilizando este formulario y le responderemos con m\u00e1s detalles.<\/span>\t\t\t\t<\/div>\n\t\t\t\t<div class=\"elementor-element elementor-element-8a2108b elementor-widget elementor-widget-spacer\" data-id=\"8a2108b\" data-element_type=\"widget\" data-e-type=\"widget\" data-widget_type=\"spacer.default\">\n\t\t\t\t\t\t\t<div class=\"elementor-spacer\">\n\t\t\t<div class=\"elementor-spacer-inner\"><\/div>\n\t\t<\/div>\n\t\t\t\t\t\t<\/div>\n\t\t\t\t\t<\/div>\n\t\t<\/div>\n\t\t\t\t<div class=\"elementor-column elementor-col-50 elementor-inner-column elementor-element elementor-element-c0e9291\" data-id=\"c0e9291\" data-element_type=\"column\" data-e-type=\"column\" data-settings=\"{&quot;background_background&quot;:&quot;classic&quot;}\">\n\t\t\t<div class=\"elementor-widget-wrap elementor-element-populated\">\n\t\t\t\t\t\t<div class=\"elementor-element elementor-element-cdc625e elementor-button-align-stretch elementor-widget elementor-widget-form\" data-id=\"cdc625e\" data-element_type=\"widget\" data-e-type=\"widget\" data-settings=\"{&quot;step_next_label&quot;:&quot;Next&quot;,&quot;step_previous_label&quot;:&quot;Previous&quot;,&quot;button_width&quot;:&quot;100&quot;,&quot;step_type&quot;:&quot;number_text&quot;,&quot;step_icon_shape&quot;:&quot;circle&quot;}\" data-widget_type=\"form.default\">\n\t\t\t\t\t\t\t<form class=\"elementor-form\" method=\"post\" name=\"New Form\" aria-label=\"New Form\">\n\t\t\t<input type=\"hidden\" name=\"post_id\" value=\"161\"\/>\n\t\t\t<input type=\"hidden\" name=\"form_id\" value=\"cdc625e\"\/>\n\t\t\t<input type=\"hidden\" name=\"referer_title\" value=\"Contacto - WEMatter Global\" \/>\n\n\t\t\t\t\t\t\t<input type=\"hidden\" name=\"queried_id\" value=\"161\"\/>\n\t\t\t\n\t\t\t<div class=\"elementor-form-fields-wrapper elementor-labels-above\">\n\t\t\t\t\t\t\t\t<div class=\"elementor-field-type-text elementor-field-group elementor-column elementor-field-group-name elementor-col-100 elementor-field-required\">\n\t\t\t\t\t\t\t\t\t\t\t\t<label for=\"form-field-name\" class=\"elementor-field-label\">\n\t\t\t\t\t\t\t\tNombre\t\t\t\t\t\t\t<\/label>\n\t\t\t\t\t\t\t\t\t\t\t\t\t\t<input size=\"1\" type=\"text\" name=\"form_fields[name]\" id=\"form-field-name\" class=\"elementor-field elementor-size-sm  elementor-field-textual\" placeholder=\"Nombre\" required=\"required\">\n\t\t\t\t\t\t\t\t\t\t\t<\/div>\n\t\t\t\t\t\t\t\t<div class=\"elementor-field-type-email elementor-field-group elementor-column elementor-field-group-email elementor-col-100 elementor-field-required\">\n\t\t\t\t\t\t\t\t\t\t\t\t<label for=\"form-field-email\" class=\"elementor-field-label\">\n\t\t\t\t\t\t\t\tEmail\t\t\t\t\t\t\t<\/label>\n\t\t\t\t\t\t\t\t\t\t\t\t\t\t<input size=\"1\" type=\"email\" name=\"form_fields[email]\" id=\"form-field-email\" class=\"elementor-field elementor-size-sm  elementor-field-textual\" placeholder=\"Email\" required=\"required\">\n\t\t\t\t\t\t\t\t\t\t\t<\/div>\n\t\t\t\t\t\t\t\t<div class=\"elementor-field-type-textarea elementor-field-group elementor-column elementor-field-group-message elementor-col-100\">\n\t\t\t\t\t\t\t\t\t\t\t\t<label for=\"form-field-message\" class=\"elementor-field-label\">\n\t\t\t\t\t\t\t\tMensaje\t\t\t\t\t\t\t<\/label>\n\t\t\t\t\t\t<textarea class=\"elementor-field-textual elementor-field  elementor-size-sm\" name=\"form_fields[message]\" id=\"form-field-message\" rows=\"4\" placeholder=\"Mensaje\"><\/textarea>\t\t\t\t<\/div>\n\t\t\t\t\t\t\t\t<div class=\"elementor-field-type-recaptcha_v3 elementor-field-group elementor-column elementor-field-group-field_f471d1f elementor-col-100 recaptcha_v3-inline\">\n\t\t\t\t\t<div class=\"elementor-field\" id=\"form-field-field_f471d1f\"><div class=\"elementor-g-recaptcha\" data-sitekey=\"6Le-VF8sAAAAAM97uh5LoebLLYI11qCofLrmaYBi\" data-type=\"v3\" data-action=\"Form\" data-badge=\"inline\" data-size=\"invisible\"><\/div><\/div>\t\t\t\t<\/div>\n\t\t\t\t\t\t\t\t<div class=\"elementor-field-type-acceptance elementor-field-group elementor-column elementor-field-group-field_89a3e02 elementor-col-100 elementor-field-required\">\n\t\t\t\t\t\t\t<div class=\"elementor-field-subgroup\">\n\t\t\t<span class=\"elementor-field-option\">\n\t\t\t\t<input type=\"checkbox\" name=\"form_fields[field_89a3e02]\" id=\"form-field-field_89a3e02\" class=\"elementor-field elementor-size-sm  elementor-acceptance-field\" required=\"required\">\n\t\t\t\t<label for=\"form-field-field_89a3e02\">By signing up, you agree to our <a href=\"https:\/\/wematterglobal.com\/politica-de-privacidad\/\" target=\"_blank\" rel=\"noopener\">Privacy Policy, Terms of Use,<\/a> and to receive emails about financial education<\/label>\t\t\t<\/span>\n\t\t<\/div>\n\t\t\t\t\t\t<\/div>\n\t\t\t\t\t\t\t\t<div class=\"elementor-field-group elementor-column elementor-field-type-submit elementor-col-100 e-form__buttons\">\n\t\t\t\t\t<button class=\"elementor-button elementor-size-sm\" type=\"submit\">\n\t\t\t\t\t\t<span class=\"elementor-button-content-wrapper\">\n\t\t\t\t\t\t\t\t\t\t\t\t\t\t\t\t\t\t\t\t\t\t<span class=\"elementor-button-text\">Enviar<\/span>\n\t\t\t\t\t\t\t\t\t\t\t\t\t<\/span>\n\t\t\t\t\t<\/button>\n\t\t\t\t<\/div>\n\t\t\t<\/div>\n\t\t<\/form>\n\t\t\t\t\t\t<\/div>\n\t\t\t\t\t<\/div>\n\t\t<\/div>\n\t\t\t\t\t<\/div>\n\t\t<\/section>\n\t\t\t\t\t<\/div>\n\t\t<\/div>\n\t\t\t\t\t<\/div>\n\t\t<\/section>\n\t\t\t\t<section data-particle_enable=\"false\" data-particle-mobile-disabled=\"false\" class=\"elementor-section elementor-top-section elementor-element elementor-element-06e1994 elementor-section-content-middle elementor-section-boxed elementor-section-height-default elementor-section-height-default\" data-id=\"06e1994\" data-element_type=\"section\" data-e-type=\"section\" data-settings=\"{&quot;background_background&quot;:&quot;classic&quot;,&quot;animation&quot;:&quot;none&quot;}\">\n\t\t\t\t\t\t<div class=\"elementor-container elementor-column-gap-default\">\n\t\t\t\t\t<div class=\"elementor-column elementor-col-50 elementor-top-column elementor-element elementor-element-ad213ce\" data-id=\"ad213ce\" data-element_type=\"column\" data-e-type=\"column\">\n\t\t\t<div class=\"elementor-widget-wrap elementor-element-populated\">\n\t\t\t\t\t\t<div class=\"elementor-element elementor-element-036e2ff elementor-widget elementor-widget-heading\" data-id=\"036e2ff\" data-element_type=\"widget\" data-e-type=\"widget\" data-widget_type=\"heading.default\">\n\t\t\t\t\t<h2 class=\"elementor-heading-title elementor-size-default\">\u00daNETE A NUESTRA COMUNIDAD\n<\/h2>\t\t\t\t<\/div>\n\t\t\t\t<div class=\"elementor-element elementor-element-cec5a51 elementor-widget elementor-widget-heading\" data-id=\"cec5a51\" data-element_type=\"widget\" data-e-type=\"widget\" data-widget_type=\"heading.default\">\n\t\t\t\t\t<div class=\"elementor-heading-title elementor-size-default\">S\u00edguenos en las redes sociales<\/div>\t\t\t\t<\/div>\n\t\t\t\t<div class=\"elementor-element elementor-element-c6db6c8 elementor-shape-rounded elementor-grid-0 e-grid-align-center elementor-widget elementor-widget-social-icons\" data-id=\"c6db6c8\" data-element_type=\"widget\" data-e-type=\"widget\" data-widget_type=\"social-icons.default\">\n\t\t\t\t\t\t\t<div class=\"elementor-social-icons-wrapper elementor-grid\" role=\"list\">\n\t\t\t\t\t\t\t<span class=\"elementor-grid-item\" role=\"listitem\">\n\t\t\t\t\t<a class=\"elementor-icon elementor-social-icon elementor-social-icon-linkedin elementor-repeater-item-0d9c7f7\" href=\"https:\/\/www.linkedin.com\/company\/wematter-global\/posts\/?feedView=all\" target=\"_blank\">\n\t\t\t\t\t\t<span class=\"elementor-screen-only\">Linkedin<\/span>\n\t\t\t\t\t\t<svg aria-hidden=\"true\" class=\"e-font-icon-svg e-fab-linkedin\" viewBox=\"0 0 448 512\" xmlns=\"http:\/\/www.w3.org\/2000\/svg\"><path d=\"M416 32H31.9C14.3 32 0 46.5 0 64.3v383.4C0 465.5 14.3 480 31.9 480H416c17.6 0 32-14.5 32-32.3V64.3c0-17.8-14.4-32.3-32-32.3zM135.4 416H69V202.2h66.5V416zm-33.2-243c-21.3 0-38.5-17.3-38.5-38.5S80.9 96 102.2 96c21.2 0 38.5 17.3 38.5 38.5 0 21.3-17.2 38.5-38.5 38.5zm282.1 243h-66.4V312c0-24.8-.5-56.7-34.5-56.7-34.6 0-39.9 27-39.9 54.9V416h-66.4V202.2h63.7v29.2h.9c8.9-16.8 30.6-34.5 62.9-34.5 67.2 0 79.7 44.3 79.7 101.9V416z\"><\/path><\/svg>\t\t\t\t\t<\/a>\n\t\t\t\t<\/span>\n\t\t\t\t\t\t\t<span class=\"elementor-grid-item\" role=\"listitem\">\n\t\t\t\t\t<a class=\"elementor-icon elementor-social-icon elementor-social-icon- elementor-repeater-item-a3d9976\" href=\"https:\/\/substack.com\/@wematterglobal\" target=\"_blank\">\n\t\t\t\t\t\t<span class=\"elementor-screen-only\"><\/span>\n\t\t\t\t\t\t<svg xmlns=\"http:\/\/www.w3.org\/2000\/svg\" viewBox=\"0 0 50 50\" width=\"50px\" height=\"50px\"><defs opacity=\".38\"><rect id=\"b9-AsiUWV4BYTBJAQTByOa\" width=\"42.947\" height=\"48\" x=\"3.526\" opacity=\".38\"><\/rect><\/defs><path d=\"M43,11H8V5h35V11z\"><\/path><path d=\"M43,19H8v-6h35V19z\"><\/path><path d=\"M43,44.805L25.984,34.169L8,44.748V21h35V44.805z\"><\/path><\/svg>\t\t\t\t\t<\/a>\n\t\t\t\t<\/span>\n\t\t\t\t\t\t\t<span class=\"elementor-grid-item\" role=\"listitem\">\n\t\t\t\t\t<a class=\"elementor-icon elementor-social-icon elementor-social-icon-instagram elementor-repeater-item-e34c58d\" href=\"https:\/\/www.instagram.com\/wematter.plus\" target=\"_blank\">\n\t\t\t\t\t\t<span class=\"elementor-screen-only\">Instagram<\/span>\n\t\t\t\t\t\t<svg aria-hidden=\"true\" class=\"e-font-icon-svg e-fab-instagram\" viewBox=\"0 0 448 512\" xmlns=\"http:\/\/www.w3.org\/2000\/svg\"><path d=\"M224.1 141c-63.6 0-114.9 51.3-114.9 114.9s51.3 114.9 114.9 114.9S339 319.5 339 255.9 287.7 141 224.1 141zm0 189.6c-41.1 0-74.7-33.5-74.7-74.7s33.5-74.7 74.7-74.7 74.7 33.5 74.7 74.7-33.6 74.7-74.7 74.7zm146.4-194.3c0 14.9-12 26.8-26.8 26.8-14.9 0-26.8-12-26.8-26.8s12-26.8 26.8-26.8 26.8 12 26.8 26.8zm76.1 27.2c-1.7-35.9-9.9-67.7-36.2-93.9-26.2-26.2-58-34.4-93.9-36.2-37-2.1-147.9-2.1-184.9 0-35.8 1.7-67.6 9.9-93.9 36.1s-34.4 58-36.2 93.9c-2.1 37-2.1 147.9 0 184.9 1.7 35.9 9.9 67.7 36.2 93.9s58 34.4 93.9 36.2c37 2.1 147.9 2.1 184.9 0 35.9-1.7 67.7-9.9 93.9-36.2 26.2-26.2 34.4-58 36.2-93.9 2.1-37 2.1-147.8 0-184.8zM398.8 388c-7.8 19.6-22.9 34.7-42.6 42.6-29.5 11.7-99.5 9-132.1 9s-102.7 2.6-132.1-9c-19.6-7.8-34.7-22.9-42.6-42.6-11.7-29.5-9-99.5-9-132.1s-2.6-102.7 9-132.1c7.8-19.6 22.9-34.7 42.6-42.6 29.5-11.7 99.5-9 132.1-9s102.7-2.6 132.1 9c19.6 7.8 34.7 22.9 42.6 42.6 11.7 29.5 9 99.5 9 132.1s2.7 102.7-9 132.1z\"><\/path><\/svg>\t\t\t\t\t<\/a>\n\t\t\t\t<\/span>\n\t\t\t\t\t<\/div>\n\t\t\t\t\t\t<\/div>\n\t\t\t\t\t<\/div>\n\t\t<\/div>\n\t\t\t\t<div class=\"elementor-column elementor-col-50 elementor-top-column elementor-element elementor-element-67c0212\" data-id=\"67c0212\" data-element_type=\"column\" data-e-type=\"column\" data-settings=\"{&quot;background_background&quot;:&quot;classic&quot;}\">\n\t\t\t<div class=\"elementor-widget-wrap elementor-element-populated\">\n\t\t\t\t\t\t<div class=\"elementor-element elementor-element-eaaee1a elementor-widget elementor-widget-image\" data-id=\"eaaee1a\" data-element_type=\"widget\" data-e-type=\"widget\" data-widget_type=\"image.default\">\n\t\t\t\t\t\t\t\t\t\t\t\t\t\t\t<img fetchpriority=\"high\" decoding=\"async\" width=\"1000\" height=\"667\" src=\"https:\/\/wematterglobal.com\/wp-content\/uploads\/2025\/09\/Social.webp\" class=\"attachment-large size-large wp-image-2726\" alt=\"\" srcset=\"https:\/\/wematterglobal.com\/wp-content\/uploads\/2025\/09\/Social.webp 1000w, https:\/\/wematterglobal.com\/wp-content\/uploads\/2025\/09\/Social-600x400.webp 600w, https:\/\/wematterglobal.com\/wp-content\/uploads\/2025\/09\/Social-300x200.webp 300w, https:\/\/wematterglobal.com\/wp-content\/uploads\/2025\/09\/Social-768x512.webp 768w, https:\/\/wematterglobal.com\/wp-content\/uploads\/2025\/09\/Social-930x620.webp 930w\" sizes=\"(max-width: 1000px) 100vw, 1000px\" \/>\t\t\t\t\t\t\t\t\t\t\t\t\t\t\t<\/div>\n\t\t\t\t<div class=\"elementor-element elementor-element-36691fe elementor-widget elementor-widget-spacer\" data-id=\"36691fe\" data-element_type=\"widget\" data-e-type=\"widget\" data-widget_type=\"spacer.default\">\n\t\t\t\t\t\t\t<div class=\"elementor-spacer\">\n\t\t\t<div class=\"elementor-spacer-inner\"><\/div>\n\t\t<\/div>\n\t\t\t\t\t\t<\/div>\n\t\t\t\t\t<\/div>\n\t\t<\/div>\n\t\t\t\t\t<\/div>\n\t\t<\/section>\n\t\t<div data-particle_enable=\"false\" data-particle-mobile-disabled=\"false\" class=\"elementor-element elementor-element-83ac7d3 e-con-full e-flex e-con e-parent\" data-id=\"83ac7d3\" data-element_type=\"container\" data-e-type=\"container\">\n\t\t\t\t<div class=\"elementor-element elementor-element-06db18f elementor-widget elementor-widget-image\" data-id=\"06db18f\" data-element_type=\"widget\" data-e-type=\"widget\" data-widget_type=\"image.default\">\n\t\t\t\t\t\t\t\t\t\t\t\t\t\t\t<img decoding=\"async\" width=\"1600\" height=\"149\" src=\"https:\/\/wematterglobal.com\/wp-content\/uploads\/2025\/10\/CONBANDERA_KITDIGITAL.webp\" class=\"attachment-full size-full wp-image-3279\" alt=\"\" srcset=\"https:\/\/wematterglobal.com\/wp-content\/uploads\/2025\/10\/CONBANDERA_KITDIGITAL.webp 1600w, https:\/\/wematterglobal.com\/wp-content\/uploads\/2025\/10\/CONBANDERA_KITDIGITAL-600x56.webp 600w, https:\/\/wematterglobal.com\/wp-content\/uploads\/2025\/10\/CONBANDERA_KITDIGITAL-300x28.webp 300w, https:\/\/wematterglobal.com\/wp-content\/uploads\/2025\/10\/CONBANDERA_KITDIGITAL-1024x95.webp 1024w, https:\/\/wematterglobal.com\/wp-content\/uploads\/2025\/10\/CONBANDERA_KITDIGITAL-768x72.webp 768w, https:\/\/wematterglobal.com\/wp-content\/uploads\/2025\/10\/CONBANDERA_KITDIGITAL-1536x143.webp 1536w\" sizes=\"(max-width: 1600px) 100vw, 1600px\" \/>\t\t\t\t\t\t\t\t\t\t\t\t\t\t\t<\/div>\n\t\t\t\t<\/div>\n\t\t\t\t<\/div>\n\t\t","protected":false},"excerpt":{"rendered":"<p>Env\u00edanos un mensaje a trav\u00e9s de este formulario. Env\u00eda un correo electr\u00f3nico utilizando este formulario y le responderemos con m\u00e1s detalles. \u00daNETE A NUESTRA COMUNIDAD S\u00edguenos en las redes sociales&hellip;&nbsp;<a href=\"https:\/\/wematterglobal.com\/es\/contacto\/\" rel=\"bookmark\">Leer M\u00e1s \u00bb<span class=\"screen-reader-text\">Contacto<\/span><\/a><\/p>","protected":false},"author":1,"featured_media":0,"parent":0,"menu_order":0,"comment_status":"closed","ping_status":"closed","template":"page-templates\/template-pagebuilder-full-width.php","meta":{"inline_featured_image":false,"neve_meta_sidebar":"full-width","neve_meta_container":"","neve_meta_enable_content_width":"on","neve_meta_content_width":100,"neve_meta_title_alignment":"","neve_meta_author_avatar":"","neve_post_elements_order":"","neve_meta_disable_header":"","neve_meta_disable_footer":"","neve_meta_disable_title":"off","neve_meta_reading_time":"","_themeisle_gutenberg_block_has_review":false,"footnotes":""},"class_list":["post-161","page","type-page","status-publish","hentry"],"yoast_head":"<!-- This site is optimized with the Yoast SEO Premium plugin v27.0 (Yoast SEO v27.2) - https:\/\/yoast.com\/product\/yoast-seo-premium-wordpress\/ -->\n<title>Contacto - WEMatter Global<\/title>\n<meta name=\"description\" content=\"Ayudamos a mujeres en movimiento, de todos los or\u00edgenes y rincones del mundo. Educaci\u00f3n financiera para mujeres en Espa\u00f1a\" \/>\n<meta name=\"robots\" content=\"index, follow, max-snippet:-1, max-image-preview:large, max-video-preview:-1\" \/>\n<link rel=\"canonical\" href=\"https:\/\/wematterglobal.com\/es\/contacto\/\" \/>\n<meta property=\"og:locale\" content=\"es_ES\" \/>\n<meta property=\"og:type\" content=\"article\" \/>\n<meta property=\"og:title\" content=\"Contacto\" \/>\n<meta property=\"og:description\" content=\"Ayudamos a mujeres en movimiento, de todos los or\u00edgenes y rincones del mundo. Educaci\u00f3n financiera para mujeres en Espa\u00f1a\" \/>\n<meta property=\"og:url\" content=\"https:\/\/wematterglobal.com\/es\/contacto\/\" \/>\n<meta property=\"og:site_name\" content=\"WEMatter Global\" \/>\n<meta property=\"article:modified_time\" content=\"2026-03-11T18:49:02+00:00\" \/>\n<meta property=\"og:image\" content=\"https:\/\/wematterglobal.com\/wp-content\/uploads\/2025\/09\/Social.webp\" \/>\n\t<meta property=\"og:image:width\" content=\"1000\" \/>\n\t<meta property=\"og:image:height\" content=\"667\" \/>\n\t<meta property=\"og:image:type\" content=\"image\/webp\" \/>\n<meta name=\"twitter:card\" content=\"summary_large_image\" \/>\n<meta name=\"twitter:label1\" content=\"Tiempo de lectura\" \/>\n\t<meta name=\"twitter:data1\" content=\"1 minuto\" \/>\n<script type=\"application\/ld+json\" class=\"yoast-schema-graph\">{\"@context\":\"https:\/\/schema.org\",\"@graph\":[{\"@type\":\"WebPage\",\"@id\":\"https:\/\/wematterglobal.com\/contacto\/\",\"url\":\"https:\/\/wematterglobal.com\/contacto\/\",\"name\":\"Contacto - WEMatter Global\",\"isPartOf\":{\"@id\":\"https:\/\/wematterglobal.com\/#website\"},\"primaryImageOfPage\":{\"@id\":\"https:\/\/wematterglobal.com\/contacto\/#primaryimage\"},\"image\":{\"@id\":\"https:\/\/wematterglobal.com\/contacto\/#primaryimage\"},\"thumbnailUrl\":\"https:\/\/wematterglobal.com\/wp-content\/uploads\/2025\/09\/Social.webp\",\"datePublished\":\"2020-08-24T09:05:58+00:00\",\"dateModified\":\"2026-03-11T18:49:02+00:00\",\"description\":\"Ayudamos a mujeres en movimiento, de todos los or\u00edgenes y rincones del mundo. Educaci\u00f3n financiera para mujeres en Espa\u00f1a\",\"breadcrumb\":{\"@id\":\"https:\/\/wematterglobal.com\/contacto\/#breadcrumb\"},\"inLanguage\":\"es\",\"potentialAction\":[{\"@type\":\"ReadAction\",\"target\":[\"https:\/\/wematterglobal.com\/contacto\/\"]}]},{\"@type\":\"ImageObject\",\"inLanguage\":\"es\",\"@id\":\"https:\/\/wematterglobal.com\/contacto\/#primaryimage\",\"url\":\"https:\/\/wematterglobal.com\/wp-content\/uploads\/2025\/09\/Social.webp\",\"contentUrl\":\"https:\/\/wematterglobal.com\/wp-content\/uploads\/2025\/09\/Social.webp\"},{\"@type\":\"BreadcrumbList\",\"@id\":\"https:\/\/wematterglobal.com\/contacto\/#breadcrumb\",\"itemListElement\":[{\"@type\":\"ListItem\",\"position\":1,\"name\":\"Portada\",\"item\":\"https:\/\/wematterglobal.com\/\"},{\"@type\":\"ListItem\",\"position\":2,\"name\":\"Contacto\"}]},{\"@type\":\"WebSite\",\"@id\":\"https:\/\/wematterglobal.com\/#website\",\"url\":\"https:\/\/wematterglobal.com\/\",\"name\":\"WEMatter Global\",\"description\":\"Educaci\u00f3n financiera para mujeres en Espa\u00f1a\",\"publisher\":{\"@id\":\"https:\/\/wematterglobal.com\/#organization\"},\"potentialAction\":[{\"@type\":\"SearchAction\",\"target\":{\"@type\":\"EntryPoint\",\"urlTemplate\":\"https:\/\/wematterglobal.com\/?s={search_term_string}\"},\"query-input\":{\"@type\":\"PropertyValueSpecification\",\"valueRequired\":true,\"valueName\":\"search_term_string\"}}],\"inLanguage\":\"es\"},{\"@type\":\"Organization\",\"@id\":\"https:\/\/wematterglobal.com\/#organization\",\"name\":\"WEMatter Global\",\"url\":\"https:\/\/wematterglobal.com\/\",\"logo\":{\"@type\":\"ImageObject\",\"inLanguage\":\"es\",\"@id\":\"https:\/\/wematterglobal.com\/#\/schema\/logo\/image\/\",\"url\":\"https:\/\/wematterglobal.com\/wp-content\/uploads\/2026\/01\/logo-wematter-global.jpg\",\"contentUrl\":\"https:\/\/wematterglobal.com\/wp-content\/uploads\/2026\/01\/logo-wematter-global.jpg\",\"width\":912,\"height\":120,\"caption\":\"WEMatter Global\"},\"image\":{\"@id\":\"https:\/\/wematterglobal.com\/#\/schema\/logo\/image\/\"}}]}<\/script>\n<!-- \/ Yoast SEO Premium plugin. -->","yoast_head_json":{"title":"Contacto - WEMatter Global","description":"Ayudamos a mujeres en movimiento, de todos los or\u00edgenes y rincones del mundo. Women's financial education in Spain","robots":{"index":"index","follow":"follow","max-snippet":"max-snippet:-1","max-image-preview":"max-image-preview:large","max-video-preview":"max-video-preview:-1"},"canonical":"https:\/\/wematterglobal.com\/es\/contacto\/","og_locale":"es_ES","og_type":"article","og_title":"Contacto","og_description":"Ayudamos a mujeres en movimiento, de todos los or\u00edgenes y rincones del mundo. Educaci\u00f3n financiera para mujeres en Espa\u00f1a","og_url":"https:\/\/wematterglobal.com\/es\/contacto\/","og_site_name":"WEMatter Global","article_modified_time":"2026-03-11T18:49:02+00:00","og_image":[{"width":1000,"height":667,"url":"https:\/\/wematterglobal.com\/wp-content\/uploads\/2025\/09\/Social.webp","type":"image\/webp"}],"twitter_card":"summary_large_image","twitter_misc":{"Tiempo de lectura":"1 minuto"},"schema":{"@context":"https:\/\/schema.org","@graph":[{"@type":"WebPage","@id":"https:\/\/wematterglobal.com\/contacto\/","url":"https:\/\/wematterglobal.com\/contacto\/","name":"Contacto - WEMatter Global","isPartOf":{"@id":"https:\/\/wematterglobal.com\/#website"},"primaryImageOfPage":{"@id":"https:\/\/wematterglobal.com\/contacto\/#primaryimage"},"image":{"@id":"https:\/\/wematterglobal.com\/contacto\/#primaryimage"},"thumbnailUrl":"https:\/\/wematterglobal.com\/wp-content\/uploads\/2025\/09\/Social.webp","datePublished":"2020-08-24T09:05:58+00:00","dateModified":"2026-03-11T18:49:02+00:00","description":"Ayudamos a mujeres en movimiento, de todos los or\u00edgenes y rincones del mundo. Women's financial education in Spain","breadcrumb":{"@id":"https:\/\/wematterglobal.com\/contacto\/#breadcrumb"},"inLanguage":"es","potentialAction":[{"@type":"ReadAction","target":["https:\/\/wematterglobal.com\/contacto\/"]}]},{"@type":"ImageObject","inLanguage":"es","@id":"https:\/\/wematterglobal.com\/contacto\/#primaryimage","url":"https:\/\/wematterglobal.com\/wp-content\/uploads\/2025\/09\/Social.webp","contentUrl":"https:\/\/wematterglobal.com\/wp-content\/uploads\/2025\/09\/Social.webp"},{"@type":"BreadcrumbList","@id":"https:\/\/wematterglobal.com\/contacto\/#breadcrumb","itemListElement":[{"@type":"ListItem","position":1,"name":"Portada","item":"https:\/\/wematterglobal.com\/"},{"@type":"ListItem","position":2,"name":"Contacto"}]},{"@type":"WebSite","@id":"https:\/\/wematterglobal.com\/#website","url":"https:\/\/wematterglobal.com\/","name":"WEMatter Global","description":"Educaci\u00f3n financiera para mujeres en Espa\u00f1a","publisher":{"@id":"https:\/\/wematterglobal.com\/#organization"},"potentialAction":[{"@type":"SearchAction","target":{"@type":"EntryPoint","urlTemplate":"https:\/\/wematterglobal.com\/?s={search_term_string}"},"query-input":{"@type":"PropertyValueSpecification","valueRequired":true,"valueName":"search_term_string"}}],"inLanguage":"es"},{"@type":"Organization","@id":"https:\/\/wematterglobal.com\/#organization","name":"WEMatter Global","url":"https:\/\/wematterglobal.com\/","logo":{"@type":"ImageObject","inLanguage":"es","@id":"https:\/\/wematterglobal.com\/#\/schema\/logo\/image\/","url":"https:\/\/wematterglobal.com\/wp-content\/uploads\/2026\/01\/logo-wematter-global.jpg","contentUrl":"https:\/\/wematterglobal.com\/wp-content\/uploads\/2026\/01\/logo-wematter-global.jpg","width":912,"height":120,"caption":"WEMatter Global"},"image":{"@id":"https:\/\/wematterglobal.com\/#\/schema\/logo\/image\/"}}]}},"_links":{"self":[{"href":"https:\/\/wematterglobal.com\/es\/wp-json\/wp\/v2\/pages\/161","targetHints":{"allow":["GET"]}}],"collection":[{"href":"https:\/\/wematterglobal.com\/es\/wp-json\/wp\/v2\/pages"}],"about":[{"href":"https:\/\/wematterglobal.com\/es\/wp-json\/wp\/v2\/types\/page"}],"author":[{"embeddable":true,"href":"https:\/\/wematterglobal.com\/es\/wp-json\/wp\/v2\/users\/1"}],"replies":[{"embeddable":true,"href":"https:\/\/wematterglobal.com\/es\/wp-json\/wp\/v2\/comments?post=161"}],"version-history":[{"count":76,"href":"https:\/\/wematterglobal.com\/es\/wp-json\/wp\/v2\/pages\/161\/revisions"}],"predecessor-version":[{"id":4574,"href":"https:\/\/wematterglobal.com\/es\/wp-json\/wp\/v2\/pages\/161\/revisions\/4574"}],"wp:attachment":[{"href":"https:\/\/wematterglobal.com\/es\/wp-json\/wp\/v2\/media?parent=161"}],"curies":[{"name":"wp","href":"https:\/\/api.w.org\/{rel}","templated":true}]}}